{"id":2874,"date":"2024-11-15T11:20:55","date_gmt":"2024-11-15T11:20:55","guid":{"rendered":"https:\/\/ethiopia2025.aio-events.org\/devenir-sponsor\/"},"modified":"2024-12-12T11:13:57","modified_gmt":"2024-12-12T11:13:57","slug":"devenir-sponsor","status":"publish","type":"page","link":"https:\/\/ethiopia2025.aio-events.org\/fr\/devenir-sponsor\/","title":{"rendered":"DEVENIR SPONSOR"},"content":{"rendered":"\t\t<div data-elementor-type=\"wp-page\" data-elementor-id=\"2874\" class=\"elementor elementor-2874 elementor-2309\" data-elementor-post-type=\"page\">\n\t\t\t\t<div class=\"elementor-element elementor-element-632bacdc e-flex e-con-boxed e-con e-parent\" data-id=\"632bacdc\" data-element_type=\"container\" data-e-type=\"container\" data-settings=\"{&quot;background_background&quot;:&quot;classic&quot;}\">\n\t\t\t\t\t<div class=\"e-con-inner\">\n\t\t\t\t<div class=\"elementor-element elementor-element-68091e61 elementor-widget elementor-widget-text-editor\" data-id=\"68091e61\" data-element_type=\"widget\" data-e-type=\"widget\" data-settings=\"{&quot;ekit_we_effect_on&quot;:&quot;none&quot;}\" data-widget_type=\"text-editor.default\">\n\t\t\t\t<div class=\"elementor-widget-container\">\n\t\t\t\t\t\t\t\t\t\n<p> <\/p>\n\n<p> <\/p>\n\n<p class=\"has-x-large-font-size\" style=\"text-align: center;\"><span style=\"color: #000000;\"><strong>DEVENEZ SPONSOR<\/strong><\/span><\/p>\n<p> <\/p>\n\n<p class=\"has-text-align-center has-medium-font-size\"><em><span style=\"color: #000000;\">Distingu\u00e9 sponsor, nous sommes ravis de vous accueillir \u00e0 la 51\u00e8me Conf\u00e9rence et Assembl\u00e9e G\u00e9n\u00e9rale de l&#8217;OAA. Votre participation est sinc\u00e8rement appr\u00e9ci\u00e9e.<\/span><\/em><\/p>\n\n<p> <\/p>\n\t\t\t\t\t\t\t\t<\/div>\n\t\t\t\t<\/div>\n\t\t\t\t<div class=\"elementor-element elementor-element-be9b75b elementor-button-success elementor-align-center elementor-widget elementor-widget-button\" data-id=\"be9b75b\" data-element_type=\"widget\" data-e-type=\"widget\" data-settings=\"{&quot;ekit_we_effect_on&quot;:&quot;none&quot;}\" data-widget_type=\"button.default\">\n\t\t\t\t<div class=\"elementor-widget-container\">\n\t\t\t\t\t\t\t\t\t<div class=\"elementor-button-wrapper\">\n\t\t\t\t\t<a class=\"elementor-button elementor-button-link elementor-size-sm\" href=\"https:\/\/ethiopia2025.aio-events.org\/wp-content\/uploads\/sites\/2\/2024\/12\/Sponsorship-Package-International-fr.pdf\" target=\"_blank\">\n\t\t\t\t\t\t<span class=\"elementor-button-content-wrapper\">\n\t\t\t\t\t\t\t\t\t<span class=\"elementor-button-text\">T\u00e9l\u00e9chargez la Brochure de Sponsoring<\/span>\n\t\t\t\t\t<\/span>\n\t\t\t\t\t<\/a>\n\t\t\t\t<\/div>\n\t\t\t\t\t\t\t\t<\/div>\n\t\t\t\t<\/div>\n\t\t\t\t\t<\/div>\n\t\t\t\t<\/div>\n\t\t<div class=\"elementor-element elementor-element-5a18291 e-flex e-con-boxed e-con e-parent\" data-id=\"5a18291\" data-element_type=\"container\" data-e-type=\"container\">\n\t\t\t\t\t<div class=\"e-con-inner\">\n\t\t\t\t<div class=\"elementor-element elementor-element-80a8102 elementor-widget elementor-widget-wpforms\" data-id=\"80a8102\" data-element_type=\"widget\" data-e-type=\"widget\" data-settings=\"{&quot;ekit_we_effect_on&quot;:&quot;none&quot;}\" data-widget_type=\"wpforms.default\">\n\t\t\t\t<div class=\"elementor-widget-container\">\n\t\t\t\t\t<style id=\"wpforms-css-vars-elementor-widget-80a8102\">\n\t\t\t\t.elementor-widget-wpforms.elementor-element-80a8102 {\n\t\t\t\t--wpforms-field-size-input-height: 43px;\n--wpforms-field-size-input-spacing: 15px;\n--wpforms-field-size-font-size: 16px;\n--wpforms-field-size-line-height: 19px;\n--wpforms-field-size-padding-h: 14px;\n--wpforms-field-size-checkbox-size: 16px;\n--wpforms-field-size-sublabel-spacing: 5px;\n--wpforms-field-size-icon-size: 1;\n--wpforms-label-size-font-size: 16px;\n--wpforms-label-size-line-height: 19px;\n--wpforms-label-size-sublabel-font-size: 14px;\n--wpforms-label-size-sublabel-line-height: 17px;\n--wpforms-button-size-font-size: 17px;\n--wpforms-button-size-height: 41px;\n--wpforms-button-size-padding-h: 15px;\n--wpforms-button-size-margin-top: 10px;\n\n\t\t\t}\n\t\t\t<\/style><div class=\"wpforms-container wpforms-container-full wpforms-render-modern\" id=\"wpforms-3044\"><form id=\"wpforms-form-3044\" class=\"wpforms-validate wpforms-form wpforms-ajax-form\" data-formid=\"3044\" method=\"post\" enctype=\"multipart\/form-data\" action=\"\/fr\/wp-json\/wp\/v2\/pages\/2874\" data-token=\"9247ac3fe04ff18e577822f078584231\" data-token-time=\"1776982979\"><noscript class=\"wpforms-error-noscript\">Veuillez activer JavaScript dans votre navigateur pour remplir ce formulaire.<\/noscript><div class=\"wpforms-hidden\" id=\"wpforms-error-noscript\">Veuillez activer JavaScript dans votre navigateur pour remplir ce formulaire.<\/div><div class=\"wpforms-field-container\"><div id=\"wpforms-3044-field_1-container\" class=\"wpforms-field wpforms-field-name\" data-field-id=\"1\"><label class=\"wpforms-field-label\" for=\"wpforms-3044-field_1\">Nom <span class=\"wpforms-required-label\" aria-hidden=\"true\">*<\/span><\/label><input type=\"text\" id=\"wpforms-3044-field_1\" class=\"wpforms-field-medium wpforms-field-required\" name=\"wpforms[fields][1]\" aria-errormessage=\"wpforms-3044-field_1-error\" required><\/div><div id=\"wpforms-3044-field_4-container\" class=\"wpforms-field wpforms-field-text\" data-field-id=\"4\"><label class=\"wpforms-field-label\" for=\"wpforms-3044-field_4\">Compagnie <span class=\"wpforms-required-label\" aria-hidden=\"true\">*<\/span><\/label><input type=\"text\" id=\"wpforms-3044-field_4\" class=\"wpforms-field-medium wpforms-field-required\" name=\"wpforms[fields][4]\" aria-errormessage=\"wpforms-3044-field_4-error\" required><\/div><div id=\"wpforms-3044-field_2-container\" class=\"wpforms-field wpforms-field-email\" data-field-id=\"2\"><label class=\"wpforms-field-label\" for=\"wpforms-3044-field_2\">Email <span class=\"wpforms-required-label\" aria-hidden=\"true\">*<\/span><\/label><input type=\"email\" id=\"wpforms-3044-field_2\" class=\"wpforms-field-medium wpforms-field-required\" name=\"wpforms[fields][2]\" spellcheck=\"false\" aria-errormessage=\"wpforms-3044-field_2-error\" required><\/div><div id=\"wpforms-3044-field_5-container\" class=\"wpforms-field wpforms-field-select wpforms-field-select-style-classic\" data-field-id=\"5\"><label class=\"wpforms-field-label\" for=\"wpforms-3044-field_5\">Formule de Sponsoring<\/label><select id=\"wpforms-3044-field_5\" class=\"wpforms-field-medium\" name=\"wpforms[fields][5]\"><option value=\"Platinium\" >Platinium<\/option><option value=\"Diamant\" >Diamant<\/option><option value=\"Or\" >Or<\/option><option value=\"Argent\" >Argent<\/option><option value=\"Bronze\" >Bronze<\/option><option value=\"Steel\" >Steel<\/option><option value=\"Zinc\" >Zinc<\/option><option value=\"Aluminium\" >Aluminium<\/option><option value=\"In kind\" >In kind<\/option><\/select><\/div><div id=\"wpforms-3044-field_7-container\" class=\"wpforms-field wpforms-field-textarea\" data-field-id=\"7\"><label class=\"wpforms-field-label\" for=\"wpforms-3044-field_7\">Comment or Message<\/label><textarea id=\"wpforms-3044-field_7\" class=\"wpforms-field-medium\" name=\"wpforms[fields][7]\" aria-errormessage=\"wpforms-3044-field_7-error\" ><\/textarea><\/div><\/div><!-- .wpforms-field-container --><div class=\"wpforms-submit-container\" ><input type=\"hidden\" name=\"wpforms[id]\" value=\"3044\"><input type=\"hidden\" name=\"page_title\" value=\"\"><input type=\"hidden\" name=\"page_url\" value=\"https:\/\/ethiopia2025.aio-events.org\/fr\/wp-json\/wp\/v2\/pages\/2874\"><button type=\"submit\" name=\"wpforms[submit]\" id=\"wpforms-submit-3044\" class=\"wpforms-submit\" data-alt-text=\"Sending...\" data-submit-text=\"Soumettre\" aria-live=\"assertive\" value=\"wpforms-submit\">Soumettre<\/button><img decoding=\"async\" src=\"https:\/\/ethiopia2025.aio-events.org\/wp-content\/plugins\/wpforms\/assets\/images\/submit-spin.svg\" class=\"wpforms-submit-spinner\" style=\"display: none;\" width=\"26\" height=\"26\" alt=\"Chargement en cours\"><\/div><\/form><\/div>  <!-- .wpforms-container -->\t\t\t\t<\/div>\n\t\t\t\t<\/div>\n\t\t\t\t\t<\/div>\n\t\t\t\t<\/div>\n\t\t\t\t<\/div>\n\t\t","protected":false},"excerpt":{"rendered":"<p>DEVENEZ SPONSOR Distingu\u00e9 sponsor, nous sommes ravis de vous accueillir \u00e0 la 51\u00e8me Conf\u00e9rence et Assembl\u00e9e G\u00e9n\u00e9rale de l&#8217;OAA. Votre participation est sinc\u00e8rement appr\u00e9ci\u00e9e. T\u00e9l\u00e9chargez la Brochure de Sponsoring Veuillez activer JavaScript dans votre navigateur pour remplir ce formulaire.Veuillez activer JavaScript dans votre navigateur pour remplir ce formulaire.Nom *Compagnie *Email *Formule de SponsoringPlatiniumDiamantOrArgentBronzeSteelZincAluminiumIn kindComment or [&hellip;]<\/p>\n","protected":false},"author":2,"featured_media":0,"parent":0,"menu_order":0,"comment_status":"closed","ping_status":"closed","template":"","meta":{"nf_dc_page":"","footnotes":""},"class_list":["post-2874","page","type-page","status-publish","hentry"],"jetpack_sharing_enabled":true,"_links":{"self":[{"href":"https:\/\/ethiopia2025.aio-events.org\/fr\/wp-json\/wp\/v2\/pages\/2874","targetHints":{"allow":["GET"]}}],"collection":[{"href":"https:\/\/ethiopia2025.aio-events.org\/fr\/wp-json\/wp\/v2\/pages"}],"about":[{"href":"https:\/\/ethiopia2025.aio-events.org\/fr\/wp-json\/wp\/v2\/types\/page"}],"author":[{"embeddable":true,"href":"https:\/\/ethiopia2025.aio-events.org\/fr\/wp-json\/wp\/v2\/users\/2"}],"replies":[{"embeddable":true,"href":"https:\/\/ethiopia2025.aio-events.org\/fr\/wp-json\/wp\/v2\/comments?post=2874"}],"version-history":[{"count":7,"href":"https:\/\/ethiopia2025.aio-events.org\/fr\/wp-json\/wp\/v2\/pages\/2874\/revisions"}],"predecessor-version":[{"id":3467,"href":"https:\/\/ethiopia2025.aio-events.org\/fr\/wp-json\/wp\/v2\/pages\/2874\/revisions\/3467"}],"wp:attachment":[{"href":"https:\/\/ethiopia2025.aio-events.org\/fr\/wp-json\/wp\/v2\/media?parent=2874"}],"curies":[{"name":"wp","href":"https:\/\/api.w.org\/{rel}","templated":true}]}}