{"id":2900,"date":"2024-11-19T11:43:08","date_gmt":"2024-11-19T11:43:08","guid":{"rendered":"https:\/\/ethiopia2025.aio-events.org\/conditions-dobtention-du-visa\/"},"modified":"2024-12-04T09:22:23","modified_gmt":"2024-12-04T09:22:23","slug":"conditions-dobtention-du-visa","status":"publish","type":"page","link":"https:\/\/ethiopia2025.aio-events.org\/fr\/conditions-dobtention-du-visa\/","title":{"rendered":"VISA"},"content":{"rendered":"\t\t<div data-elementor-type=\"wp-page\" data-elementor-id=\"2900\" class=\"elementor elementor-2900 elementor-2486\" data-elementor-post-type=\"page\">\n\t\t\t\t<div class=\"elementor-element elementor-element-d1eea50 e-flex e-con-boxed e-con e-parent\" data-id=\"d1eea50\" data-element_type=\"container\" data-e-type=\"container\">\n\t\t\t\t\t<div class=\"e-con-inner\">\n\t\t\t\t<div class=\"elementor-element elementor-element-916f505 elementor-widget elementor-widget-text-editor\" data-id=\"916f505\" data-element_type=\"widget\" data-e-type=\"widget\" data-settings=\"{&quot;ekit_we_effect_on&quot;:&quot;none&quot;}\" data-widget_type=\"text-editor.default\">\n\t\t\t\t<div class=\"elementor-widget-container\">\n\t\t\t\t\t\t\t\t\t<h3 style=\"text-align: center;\"><span style=\"color: #000000;\"><strong><u>Exigences et \u00c9tapes de la Demande de Visa \u00c9thiopien<\/u><\/strong><\/span><\/h3><h3 style=\"text-align: center;\">\u00a0<\/h3><p><span style=\"color: #000000;\"><strong>Exigences G\u00e9n\u00e9rales<\/strong><\/span><\/p><ul><li><span style=\"color: #000000;\">Photo d&#8217;identit\u00e9 r\u00e9cente, copie du passeport du demandeur<\/span><\/li><li><span style=\"color: #000000;\">Passeport du demandeur de visa valable au moins 6 mois apr\u00e8s la date d&#8217;entr\u00e9e pr\u00e9vue en \u00c9thiopie.<\/span><\/li><li><span style=\"color: #000000;\">Une lettre d&#8217;invitation, valable au moins 6 mois \u00e0 compter de la date d&#8217;entr\u00e9e pr\u00e9vue en \u00c9thiopie, est n\u00e9cessaire.<\/span><\/li><\/ul><p><span style=\"color: #000000;\"><strong>\u00c9tapes de la demande<\/strong><\/span><\/p><ul><li><span style=\"color: #000000;\">Connectez-vous au <strong>site Web<\/strong> de l&#8217;immigration \u00e9thiopienne pour le <strong>\u00a0<\/strong>visa \u00e9lectronique : <span style=\"color: #0000ff;\"><a style=\"color: #0000ff;\" href=\"https:\/\/www.evisa.gov.et\/visa\"><strong>https:\/\/www.evisa.gov.et\/visa<\/strong><\/a><\/span><\/span><\/li><li><span style=\"color: #000000;\">S\u00e9lectionnez votre type de visa <span style=\"color: #0000ff;\">(workshop\/conference visa<\/span>) Validit\u00e9 du visa et code de r\u00e9f\u00e9rence de l&#8217;entreprise<\/span><\/li><li><span style=\"color: #000000;\">Saisissez le <strong>code de r\u00e9f\u00e9rence de l&#8217;entreprise AEI : AS3869710353112 <\/strong>sous Code de r\u00e9f\u00e9rence de l&#8217;entreprise<\/span><\/li><li><span style=\"color: #000000;\">Remplir le formulaire d&#8217;information sur l&#8217;arriv\u00e9e<\/span><\/li><li><span style=\"color: #000000;\">Remplir le formulaire d&#8217;informations personnelles<\/span><\/li><li><span style=\"color: #000000;\">Remplir le formulaire d&#8217;information sur les passeports<\/span><\/li><li><span style=\"color: #000000;\">Lorsque vous joignez des documents, n&#8217;oubliez pas les points suivants<\/span><\/li><\/ul><ol><li><span style=\"color: #000000;\">La taille de l&#8217;image\/du document doit \u00eatre inf\u00e9rieure \u00e0 2 Mo.<\/span><\/li><li><span style=\"color: #000000;\">La photo et la copie du passeport doivent \u00eatre au format JPEG, JPG, PNG.<\/span><\/li><li><span style=\"color: #000000;\">Les extensions de fichier autoris\u00e9es pour les images\/documents sont uniquement les formats JPEG, JPG, PNG et PDF.<\/span><\/li><li><span style=\"color: #000000;\">L&#8217;image\/le document doit \u00eatre clair et lisible.<\/span><\/li><li><span style=\"color: #000000;\">Les images\/documents dont l&#8217;arri\u00e8re-plan est flou ou sale ne sont pas acceptables.<\/span><\/li><li><span style=\"color: #000000;\">Les selfies et les filtres ou outils de retouche des photos sont interdits.<\/span><\/li><li><span style=\"color: #000000;\">La taille de la photo doit \u00eatre de 2\u00d72<\/span><\/li><\/ol>\t\t\t\t\t\t\t\t<\/div>\n\t\t\t\t<\/div>\n\t\t\t\t\t<\/div>\n\t\t\t\t<\/div>\n\t\t\t\t<\/div>\n\t\t","protected":false},"excerpt":{"rendered":"<p>Exigences et \u00c9tapes de la Demande de Visa \u00c9thiopien \u00a0 Exigences G\u00e9n\u00e9rales Photo d&#8217;identit\u00e9 r\u00e9cente, copie du passeport du demandeur Passeport du demandeur de visa valable au moins 6 mois apr\u00e8s la date d&#8217;entr\u00e9e pr\u00e9vue en \u00c9thiopie. Une lettre d&#8217;invitation, valable au moins 6 mois \u00e0 compter de la date d&#8217;entr\u00e9e pr\u00e9vue en \u00c9thiopie, est [&hellip;]<\/p>\n","protected":false},"author":2,"featured_media":0,"parent":0,"menu_order":0,"comment_status":"closed","ping_status":"closed","template":"","meta":{"nf_dc_page":"","footnotes":""},"class_list":["post-2900","page","type-page","status-publish","hentry"],"jetpack_sharing_enabled":true,"_links":{"self":[{"href":"https:\/\/ethiopia2025.aio-events.org\/fr\/wp-json\/wp\/v2\/pages\/2900","targetHints":{"allow":["GET"]}}],"collection":[{"href":"https:\/\/ethiopia2025.aio-events.org\/fr\/wp-json\/wp\/v2\/pages"}],"about":[{"href":"https:\/\/ethiopia2025.aio-events.org\/fr\/wp-json\/wp\/v2\/types\/page"}],"author":[{"embeddable":true,"href":"https:\/\/ethiopia2025.aio-events.org\/fr\/wp-json\/wp\/v2\/users\/2"}],"replies":[{"embeddable":true,"href":"https:\/\/ethiopia2025.aio-events.org\/fr\/wp-json\/wp\/v2\/comments?post=2900"}],"version-history":[{"count":6,"href":"https:\/\/ethiopia2025.aio-events.org\/fr\/wp-json\/wp\/v2\/pages\/2900\/revisions"}],"predecessor-version":[{"id":3340,"href":"https:\/\/ethiopia2025.aio-events.org\/fr\/wp-json\/wp\/v2\/pages\/2900\/revisions\/3340"}],"wp:attachment":[{"href":"https:\/\/ethiopia2025.aio-events.org\/fr\/wp-json\/wp\/v2\/media?parent=2900"}],"curies":[{"name":"wp","href":"https:\/\/api.w.org\/{rel}","templated":true}]}}