{"id":2929,"date":"2019-01-07T11:42:38","date_gmt":"2019-01-07T11:42:38","guid":{"rendered":"https:\/\/ethiopia2025.aio-events.org\/frais\/"},"modified":"2025-02-03T09:43:59","modified_gmt":"2025-02-03T09:43:59","slug":"frais","status":"publish","type":"page","link":"https:\/\/ethiopia2025.aio-events.org\/fr\/frais\/","title":{"rendered":"FRAIS"},"content":{"rendered":"\t\t<div data-elementor-type=\"wp-post\" data-elementor-id=\"2929\" class=\"elementor elementor-2929 elementor-1116\" data-elementor-post-type=\"page\">\n\t\t\t\t\t\t<section class=\"elementor-section elementor-top-section elementor-element elementor-element-6ff0 elementor-section-boxed elementor-section-height-default elementor-section-height-default\" data-id=\"6ff0\" data-element_type=\"section\" data-e-type=\"section\" data-settings=\"{&quot;background_background&quot;:&quot;gradient&quot;}\">\n\t\t\t\t\t\t\t<div class=\"elementor-background-overlay\"><\/div>\n\t\t\t\t\t\t\t<div class=\"elementor-container elementor-column-gap-default\">\n\t\t\t\t\t<div class=\"elementor-column elementor-col-100 elementor-top-column elementor-element elementor-element-2033\" data-id=\"2033\" data-element_type=\"column\" data-e-type=\"column\">\n\t\t\t<div class=\"elementor-widget-wrap elementor-element-populated\">\n\t\t\t\t\t\t<div class=\"elementor-element elementor-element-54bb elementor-widget elementor-widget-exhibz-title\" data-id=\"54bb\" data-element_type=\"widget\" data-e-type=\"widget\" data-settings=\"{&quot;ekit_we_effect_on&quot;:&quot;none&quot;}\" data-widget_type=\"exhibz-title.default\">\n\t\t\t\t<div class=\"elementor-widget-container\">\n\t\t\t\t\t\n    <div class=\"title-section-area\">\n        <h2 class=\"section-title\">\n            <span class=\"sub-title\">FRAIS D&#039;INSCRIPTION <\/span>\n\t\t\tInscrivez-vous et r\u00e9servez votre si\u00e8ge.        <\/h2>\n\t\t                    <span class=\"title-shape\">\n                  <svg xmlns='http:\/\/www.w3.org\/2000\/svg' xmlns:xlink='http:\/\/www.w3.org\/1999\/xlink' width='71px' height='11px'> <path fill-rule='evenodd' d='M59.669,10.710 L49.164,3.306 L39.428,10.681 L29.714,3.322 L20.006,10.682 L10.295,3.322 L1.185,10.228 L-0.010,8.578 L10.295,0.765 L20.006,8.125 L29.714,0.765 L39.428,8.125 L49.122,0.781 L59.680,8.223 L69.858,1.192 L70.982,2.895 L59.669,10.710 Z'\/><\/svg>\n            <\/span>\n                    <\/div><!-- Section title -->\n    \n    \n\n    \t\t\t\t<\/div>\n\t\t\t\t<\/div>\n\t\t\t\t<section class=\"elementor-section elementor-inner-section elementor-element elementor-element-2ba2 elementor-section-boxed elementor-section-height-default elementor-section-height-default\" data-id=\"2ba2\" data-element_type=\"section\" data-e-type=\"section\" data-settings=\"{&quot;background_background&quot;:&quot;classic&quot;}\">\n\t\t\t\t\t\t<div class=\"elementor-container elementor-column-gap-default\">\n\t\t\t\t\t<div class=\"elementor-column elementor-col-33 elementor-inner-column elementor-element elementor-element-5531\" data-id=\"5531\" data-element_type=\"column\" data-e-type=\"column\">\n\t\t\t<div class=\"elementor-widget-wrap elementor-element-populated\">\n\t\t\t\t\t\t<div class=\"elementor-element elementor-element-3dd8 elementor-widget elementor-widget-exhibz-pricing\" data-id=\"3dd8\" data-element_type=\"widget\" data-e-type=\"widget\" data-settings=\"{&quot;ekit_we_effect_on&quot;:&quot;none&quot;}\" data-widget_type=\"exhibz-pricing.default\">\n\t\t\t\t<div class=\"elementor-widget-container\">\n\t\t\t\t\t                    <div class=\"pricing-item active  \">\n                <img data-recalc-dims=\"1\" decoding=\"async\" width=\"320\" height=\"13\" class=\"pricing-dot\" src=\"https:\/\/i0.wp.com\/ethiopia2025.aio-events.org\/wp-content\/themes\/exhibz\/assets\/images\/pricing\/dot.png?resize=320%2C13&#038;ssl=1\" alt=\"MEMBRE DE LOAA\">\n                <div class=\"ts-pricing-box\">\n                    <div class=\"ts-pricing-header\">\n                        <h2 class=\"ts-pricing-name\"> MEMBRE DE LOAA <\/h2>\n                        <h3 class=\"ts-pricing-price\">\n                            <span class=\"currency\">$<\/span>500                        <\/h3>\n                    <\/div>\n                    <div class=\"ts-pricing-progress\">\n                        <p class=\"amount-progres-text\"><\/p>\n                        <div class=\"ts-progress\">\n                            <div class=\"ts-progress-inner\" style=\"width: 0%\"><\/div>\n                        <\/div>\n                        <p class=\"ts-pricing-value\"><\/p>\n                    <\/div>\n                    <div class=\"promotional-code\">\n                        <p class=\"promo-code-text\"> <\/p>\n                        <a target=\"_blank\" rel=\"nofollow\" href=\"https:\/\/aio-events.org\/portal\/inscription\/215\" class=\"btn pricing-btn\">S&#039;INSCRIRE<\/a>\n                        <p class=\"vate-text\"><\/p>\n                    <\/div>\n                <\/div>\n                <!-- ts pricing box-->\n                <img data-recalc-dims=\"1\" decoding=\"async\" width=\"320\" height=\"13\" class=\"pricing-dot1 \" src=\"https:\/\/i0.wp.com\/ethiopia2025.aio-events.org\/wp-content\/themes\/exhibz\/assets\/images\/pricing\/dot.png?resize=320%2C13&#038;ssl=1\" alt=\"MEMBRE DE LOAA\">\n            <\/div>\n        \n\t\t\t\t<\/div>\n\t\t\t\t<\/div>\n\t\t\t\t<div class=\"elementor-element elementor-element-33ffeb2 elementor-widget elementor-widget-exhibz-pricing\" data-id=\"33ffeb2\" data-element_type=\"widget\" data-e-type=\"widget\" data-settings=\"{&quot;ekit_we_effect_on&quot;:&quot;none&quot;}\" data-widget_type=\"exhibz-pricing.default\">\n\t\t\t\t<div class=\"elementor-widget-container\">\n\t\t\t\t\t                    <div class=\"pricing-item active  \">\n                <img data-recalc-dims=\"1\" decoding=\"async\" width=\"320\" height=\"13\" class=\"pricing-dot\" src=\"https:\/\/i0.wp.com\/ethiopia2025.aio-events.org\/wp-content\/themes\/exhibz\/assets\/images\/pricing\/dot.png?resize=320%2C13&#038;ssl=1\" alt=\"AUTORIT\u00c9 DE TUTELLE   NON MEMBRE DE L&#039;OAA\">\n                <div class=\"ts-pricing-box\">\n                    <div class=\"ts-pricing-header\">\n                        <h2 class=\"ts-pricing-name\"> AUTORIT\u00c9 DE TUTELLE   NON MEMBRE DE L&#039;OAA <\/h2>\n                        <h3 class=\"ts-pricing-price\">\n                            <span class=\"currency\">$<\/span>500                        <\/h3>\n                    <\/div>\n                    <div class=\"ts-pricing-progress\">\n                        <p class=\"amount-progres-text\"><\/p>\n                        <div class=\"ts-progress\">\n                            <div class=\"ts-progress-inner\" style=\"width: 0%\"><\/div>\n                        <\/div>\n                        <p class=\"ts-pricing-value\"><\/p>\n                    <\/div>\n                    <div class=\"promotional-code\">\n                        <p class=\"promo-code-text\"> <\/p>\n                        <a target=\"_blank\" rel=\"nofollow\" href=\"https:\/\/aio-events.org\/portal\/inscription\/215\" class=\"btn pricing-btn\">S&#039;INSCRIRE<\/a>\n                        <p class=\"vate-text\"><\/p>\n                    <\/div>\n                <\/div>\n                <!-- ts pricing box-->\n                <img data-recalc-dims=\"1\" loading=\"lazy\" decoding=\"async\" width=\"320\" height=\"13\" class=\"pricing-dot1 \" src=\"https:\/\/i0.wp.com\/ethiopia2025.aio-events.org\/wp-content\/themes\/exhibz\/assets\/images\/pricing\/dot.png?resize=320%2C13&#038;ssl=1\" alt=\"AUTORIT\u00c9 DE TUTELLE   NON MEMBRE DE L&#039;OAA\">\n            <\/div>\n        \n\t\t\t\t<\/div>\n\t\t\t\t<\/div>\n\t\t\t\t\t<\/div>\n\t\t<\/div>\n\t\t\t\t<div class=\"elementor-column elementor-col-33 elementor-inner-column elementor-element elementor-element-13c474a\" data-id=\"13c474a\" data-element_type=\"column\" data-e-type=\"column\">\n\t\t\t<div class=\"elementor-widget-wrap elementor-element-populated\">\n\t\t\t\t\t\t<div class=\"elementor-element elementor-element-5845262 elementor-widget elementor-widget-exhibz-pricing\" data-id=\"5845262\" data-element_type=\"widget\" data-e-type=\"widget\" data-settings=\"{&quot;ekit_we_effect_on&quot;:&quot;none&quot;}\" data-widget_type=\"exhibz-pricing.default\">\n\t\t\t\t<div class=\"elementor-widget-container\">\n\t\t\t\t\t                    <div class=\"pricing-item active  \">\n                <img data-recalc-dims=\"1\" loading=\"lazy\" decoding=\"async\" width=\"320\" height=\"13\" class=\"pricing-dot\" src=\"https:\/\/i0.wp.com\/ethiopia2025.aio-events.org\/wp-content\/themes\/exhibz\/assets\/images\/pricing\/dot.png?resize=320%2C13&#038;ssl=1\" alt=\"NON MEMBRE\">\n                <div class=\"ts-pricing-box\">\n                    <div class=\"ts-pricing-header\">\n                        <h2 class=\"ts-pricing-name\"> NON MEMBRE <\/h2>\n                        <h3 class=\"ts-pricing-price\">\n                            <span class=\"currency\">$<\/span>1000                        <\/h3>\n                    <\/div>\n                    <div class=\"ts-pricing-progress\">\n                        <p class=\"amount-progres-text\"><\/p>\n                        <div class=\"ts-progress\">\n                            <div class=\"ts-progress-inner\" style=\"width: 0%\"><\/div>\n                        <\/div>\n                        <p class=\"ts-pricing-value\"><\/p>\n                    <\/div>\n                    <div class=\"promotional-code\">\n                        <p class=\"promo-code-text\"> <\/p>\n                        <a target=\"_blank\" rel=\"nofollow\" href=\"https:\/\/aio-events.org\/portal\/inscription\/215\" class=\"btn pricing-btn\">S&#039;INSCRIRE<\/a>\n                        <p class=\"vate-text\"><\/p>\n                    <\/div>\n                <\/div>\n                <!-- ts pricing box-->\n                <img data-recalc-dims=\"1\" loading=\"lazy\" decoding=\"async\" width=\"320\" height=\"13\" class=\"pricing-dot1 \" src=\"https:\/\/i0.wp.com\/ethiopia2025.aio-events.org\/wp-content\/themes\/exhibz\/assets\/images\/pricing\/dot.png?resize=320%2C13&#038;ssl=1\" alt=\"NON MEMBRE\">\n            <\/div>\n        \n\t\t\t\t<\/div>\n\t\t\t\t<\/div>\n\t\t\t\t<div class=\"elementor-element elementor-element-df580bc elementor-widget elementor-widget-exhibz-pricing\" data-id=\"df580bc\" data-element_type=\"widget\" data-e-type=\"widget\" data-settings=\"{&quot;ekit_we_effect_on&quot;:&quot;none&quot;}\" data-widget_type=\"exhibz-pricing.default\">\n\t\t\t\t<div class=\"elementor-widget-container\">\n\t\t\t\t\t                    <div class=\"pricing-item active  \">\n                <img data-recalc-dims=\"1\" loading=\"lazy\" decoding=\"async\" width=\"320\" height=\"13\" class=\"pricing-dot\" src=\"https:\/\/i0.wp.com\/ethiopia2025.aio-events.org\/wp-content\/themes\/exhibz\/assets\/images\/pricing\/dot.png?resize=320%2C13&#038;ssl=1\" alt=\"ASSOCIATION NATIONALE\/INSTITUTION DE FORMATION\">\n                <div class=\"ts-pricing-box\">\n                    <div class=\"ts-pricing-header\">\n                        <h2 class=\"ts-pricing-name\"> ASSOCIATION NATIONALE\/INSTITUTION DE FORMATION <\/h2>\n                        <h3 class=\"ts-pricing-price\">\n                            <span class=\"currency\">$<\/span>500                        <\/h3>\n                    <\/div>\n                    <div class=\"ts-pricing-progress\">\n                        <p class=\"amount-progres-text\"><\/p>\n                        <div class=\"ts-progress\">\n                            <div class=\"ts-progress-inner\" style=\"width: 0%\"><\/div>\n                        <\/div>\n                        <p class=\"ts-pricing-value\"><\/p>\n                    <\/div>\n                    <div class=\"promotional-code\">\n                        <p class=\"promo-code-text\"> <\/p>\n                        <a target=\"_blank\" rel=\"nofollow\" href=\"https:\/\/aio-events.org\/portal\/inscription\/215\" class=\"btn pricing-btn\">S&#039;INSCRIRE<\/a>\n                        <p class=\"vate-text\"><\/p>\n                    <\/div>\n                <\/div>\n                <!-- ts pricing box-->\n                <img data-recalc-dims=\"1\" loading=\"lazy\" decoding=\"async\" width=\"320\" height=\"13\" class=\"pricing-dot1 \" src=\"https:\/\/i0.wp.com\/ethiopia2025.aio-events.org\/wp-content\/themes\/exhibz\/assets\/images\/pricing\/dot.png?resize=320%2C13&#038;ssl=1\" alt=\"ASSOCIATION NATIONALE\/INSTITUTION DE FORMATION\">\n            <\/div>\n        \n\t\t\t\t<\/div>\n\t\t\t\t<\/div>\n\t\t\t\t\t<\/div>\n\t\t<\/div>\n\t\t\t\t<div class=\"elementor-column elementor-col-33 elementor-inner-column elementor-element elementor-element-197\" data-id=\"197\" data-element_type=\"column\" data-e-type=\"column\">\n\t\t\t<div class=\"elementor-widget-wrap elementor-element-populated\">\n\t\t\t\t\t\t<div class=\"elementor-element elementor-element-6416 elementor-widget elementor-widget-exhibz-pricing\" data-id=\"6416\" data-element_type=\"widget\" data-e-type=\"widget\" data-settings=\"{&quot;ekit_we_effect_on&quot;:&quot;none&quot;}\" data-widget_type=\"exhibz-pricing.default\">\n\t\t\t\t<div class=\"elementor-widget-container\">\n\t\t\t\t\t                    <div class=\"pricing-item active  \">\n                <img data-recalc-dims=\"1\" loading=\"lazy\" decoding=\"async\" width=\"320\" height=\"13\" class=\"pricing-dot\" src=\"https:\/\/i0.wp.com\/ethiopia2025.aio-events.org\/wp-content\/themes\/exhibz\/assets\/images\/pricing\/dot.png?resize=320%2C13&#038;ssl=1\" alt=\"AUTORIT\u00c9 DE TUTELLE   MEMBRE DE L&#039;OAA\">\n                <div class=\"ts-pricing-box\">\n                    <div class=\"ts-pricing-header\">\n                        <h2 class=\"ts-pricing-name\"> AUTORIT\u00c9 DE TUTELLE   MEMBRE DE L&#039;OAA <\/h2>\n                        <h3 class=\"ts-pricing-price\">\n                            <span class=\"currency\">$<\/span>300                        <\/h3>\n                    <\/div>\n                    <div class=\"ts-pricing-progress\">\n                        <p class=\"amount-progres-text\"><\/p>\n                        <div class=\"ts-progress\">\n                            <div class=\"ts-progress-inner\" style=\"width: 0%\"><\/div>\n                        <\/div>\n                        <p class=\"ts-pricing-value\"><\/p>\n                    <\/div>\n                    <div class=\"promotional-code\">\n                        <p class=\"promo-code-text\"> <\/p>\n                        <a target=\"_blank\" rel=\"nofollow\" href=\"https:\/\/aio-events.org\/portal\/inscription\/215\" class=\"btn pricing-btn\">S&#039;INSCRIRE<\/a>\n                        <p class=\"vate-text\"><\/p>\n                    <\/div>\n                <\/div>\n                <!-- ts pricing box-->\n                <img data-recalc-dims=\"1\" loading=\"lazy\" decoding=\"async\" width=\"320\" height=\"13\" class=\"pricing-dot1 \" src=\"https:\/\/i0.wp.com\/ethiopia2025.aio-events.org\/wp-content\/themes\/exhibz\/assets\/images\/pricing\/dot.png?resize=320%2C13&#038;ssl=1\" alt=\"AUTORIT\u00c9 DE TUTELLE   MEMBRE DE L&#039;OAA\">\n            <\/div>\n        \n\t\t\t\t<\/div>\n\t\t\t\t<\/div>\n\t\t\t\t<div class=\"elementor-element elementor-element-a28feb1 elementor-widget elementor-widget-exhibz-pricing\" data-id=\"a28feb1\" data-element_type=\"widget\" data-e-type=\"widget\" data-settings=\"{&quot;ekit_we_effect_on&quot;:&quot;none&quot;}\" data-widget_type=\"exhibz-pricing.default\">\n\t\t\t\t<div class=\"elementor-widget-container\">\n\t\t\t\t\t                    <div class=\"pricing-item active  \">\n                <img data-recalc-dims=\"1\" loading=\"lazy\" decoding=\"async\" width=\"320\" height=\"13\" class=\"pricing-dot\" src=\"https:\/\/i0.wp.com\/ethiopia2025.aio-events.org\/wp-content\/themes\/exhibz\/assets\/images\/pricing\/dot.png?resize=320%2C13&#038;ssl=1\" alt=\"D\u00c9L\u00c9GU\u00c9 LOCAL\">\n                <div class=\"ts-pricing-box\">\n                    <div class=\"ts-pricing-header\">\n                        <h2 class=\"ts-pricing-name\"> D\u00c9L\u00c9GU\u00c9 LOCAL <\/h2>\n                        <h3 class=\"ts-pricing-price\">\n                            <span class=\"currency\">$<\/span>300                        <\/h3>\n                    <\/div>\n                    <div class=\"ts-pricing-progress\">\n                        <p class=\"amount-progres-text\"><\/p>\n                        <div class=\"ts-progress\">\n                            <div class=\"ts-progress-inner\" style=\"width: 0%\"><\/div>\n                        <\/div>\n                        <p class=\"ts-pricing-value\"><\/p>\n                    <\/div>\n                    <div class=\"promotional-code\">\n                        <p class=\"promo-code-text\"> <\/p>\n                        <a target=\"_blank\" rel=\"nofollow\" href=\"https:\/\/aio-events.org\/portal\/inscription\/215\" class=\"btn pricing-btn\">S&#039;INSCRIRE<\/a>\n                        <p class=\"vate-text\"><\/p>\n                    <\/div>\n                <\/div>\n                <!-- ts pricing box-->\n                <img data-recalc-dims=\"1\" loading=\"lazy\" decoding=\"async\" width=\"320\" height=\"13\" class=\"pricing-dot1 \" src=\"https:\/\/i0.wp.com\/ethiopia2025.aio-events.org\/wp-content\/themes\/exhibz\/assets\/images\/pricing\/dot.png?resize=320%2C13&#038;ssl=1\" alt=\"D\u00c9L\u00c9GU\u00c9 LOCAL\">\n            <\/div>\n        \n\t\t\t\t<\/div>\n\t\t\t\t<\/div>\n\t\t\t\t\t<\/div>\n\t\t<\/div>\n\t\t\t\t\t<\/div>\n\t\t<\/section>\n\t\t\t\t\t<\/div>\n\t\t<\/div>\n\t\t\t\t\t<\/div>\n\t\t<\/section>\n\t\t\t\t<section class=\"elementor-section elementor-top-section elementor-element elementor-element-18e9 elementor-section-boxed elementor-section-height-default elementor-section-height-default\" data-id=\"18e9\" data-element_type=\"section\" data-e-type=\"section\" data-settings=\"{&quot;background_background&quot;:&quot;classic&quot;}\">\n\t\t\t\t\t\t<div class=\"elementor-container elementor-column-gap-default\">\n\t\t\t\t\t<div class=\"elementor-column elementor-col-100 elementor-top-column elementor-element elementor-element-5d70\" data-id=\"5d70\" data-element_type=\"column\" data-e-type=\"column\">\n\t\t\t<div class=\"elementor-widget-wrap elementor-element-populated\">\n\t\t\t\t\t\t<div class=\"elementor-element elementor-element-2ee6 elementor-widget elementor-widget-exhibz-title\" data-id=\"2ee6\" data-element_type=\"widget\" data-e-type=\"widget\" data-settings=\"{&quot;ekit_we_effect_on&quot;:&quot;none&quot;}\" data-widget_type=\"exhibz-title.default\">\n\t\t\t\t<div class=\"elementor-widget-container\">\n\t\t\t\t\t\n    <div class=\"title-section-area\">\n        <h2 class=\"section-title\">\n            <span class=\"sub-title\">D\u00c9TAILS DES COMPTES BANCAIRES<\/span>\n\t\t\t\n        <\/h2>\n\t\t\t\t\t<div class=\"title-desc\"><h3>\u00a0<\/h3><\/div>\n\t\t                    <span class=\"title-shape\">\n                  <svg xmlns='http:\/\/www.w3.org\/2000\/svg' xmlns:xlink='http:\/\/www.w3.org\/1999\/xlink' width='71px' height='11px'> <path fill-rule='evenodd' d='M59.669,10.710 L49.164,3.306 L39.428,10.681 L29.714,3.322 L20.006,10.682 L10.295,3.322 L1.185,10.228 L-0.010,8.578 L10.295,0.765 L20.006,8.125 L29.714,0.765 L39.428,8.125 L49.122,0.781 L59.680,8.223 L69.858,1.192 L70.982,2.895 L59.669,10.710 Z'\/><\/svg>\n            <\/span>\n                    <\/div><!-- Section title -->\n    \n    \n\n    \t\t\t\t<\/div>\n\t\t\t\t<\/div>\n\t\t<div class=\"elementor-element elementor-element-914f45b e-grid e-con-boxed e-con e-parent\" data-id=\"914f45b\" data-element_type=\"container\" data-e-type=\"container\">\n\t\t\t\t\t<div class=\"e-con-inner\">\n\t\t<div class=\"elementor-element elementor-element-1254e87 e-con-full e-flex e-con e-child\" data-id=\"1254e87\" data-element_type=\"container\" data-e-type=\"container\">\n\t\t\t\t<div class=\"elementor-element elementor-element-8610235 elementor-widget__width-initial elementor-widget elementor-widget-text-editor\" data-id=\"8610235\" data-element_type=\"widget\" data-e-type=\"widget\" data-settings=\"{&quot;ekit_we_effect_on&quot;:&quot;none&quot;}\" data-widget_type=\"text-editor.default\">\n\t\t\t\t<div class=\"elementor-widget-container\">\n\t\t\t\t\t\t\t\t\t<h4 style=\"text-align: center;\"><span style=\"text-decoration: underline; color: #000000;\"><strong>D\u00c9TAILS DU COMPTE EN USD <\/strong><\/span><\/h4><p style=\"text-align: center;\"><span style=\"color: #000000;\"><strong>(POUR LES D\u00c9L\u00c9GU\u00c9S INTERNATIONAUX<\/strong>)<\/span><\/p><p><span style=\"color: #072b94;\"><span style=\"color: #000000;\">A :<\/span> <strong>AfrAsia Bank Ltd<\/strong><\/span><\/p><p><span style=\"color: #000000;\">Adresse de la banque :<\/span> <span style=\"color: #1616a1;\"><strong>Bowen Square &#8211; 10, Dr Ferriere Street &#8211; Port Louis, Mauritius<\/strong><\/span><\/p><p><span style=\"color: #072b94;\"><span style=\"color: #000000;\">Num\u00e9ro de compte :<\/span> <strong>099199000000025 <\/strong> <\/span><\/p><p><span style=\"color: #072b94;\"><span style=\"color: #000000;\">Num\u00e9ro IBAN :<\/span> <strong>MU75AFBL2501099199000000025<\/strong><\/span><\/p><p><span style=\"color: #072b94;\"><span style=\"color: #000000;\">Code Swift:<\/span> <strong>AFBLMUMU<\/strong><\/span><\/p><p><span style=\"color: #072b94;\"><span style=\"color: #000000;\">En faveur de:<\/span> <strong>African Insurance Organisation<\/strong><\/span><\/p><p><span style=\"color: #072b94;\">30 Avenue De Gaulle &#8211; P.O. Box : 5860 , <\/span><span style=\"color: #072b94;\">Douala-Cameroun<\/span><\/p>\t\t\t\t\t\t\t\t<\/div>\n\t\t\t\t<\/div>\n\t\t\t\t<\/div>\n\t\t\t\t<div class=\"elementor-element elementor-element-5231687 elementor-widget__width-initial elementor-widget elementor-widget-text-editor\" data-id=\"5231687\" data-element_type=\"widget\" data-e-type=\"widget\" data-settings=\"{&quot;ekit_we_effect_on&quot;:&quot;none&quot;}\" data-widget_type=\"text-editor.default\">\n\t\t\t\t<div class=\"elementor-widget-container\">\n\t\t\t\t\t\t\t\t\t<h4 style=\"text-align: center;\"><span style=\"text-decoration: underline;\"><strong>D\u00c9TAILS DU COMPTE EN BIRR<\/strong><\/span><\/h4><p style=\"text-align: center;\"><strong><span style=\"color: #000000;\">(POUR LES D\u00c9L\u00c9GU\u00c9S LOCAUX)<\/span><\/strong><\/p><p><span style=\"color: #072b94;\"><span style=\"color: #000000;\">A :<\/span> <strong>AWASH Bank SC<\/strong><\/span><\/p><p><span style=\"color: #000000;\">Adresse de la Banque:<\/span> <strong>Stadium Branch, Addis Ababa, Meskel Square, Anbessa Building Ground Floor<\/strong><\/p><p><span style=\"color: #072b94;\"><span style=\"color: #000000;\">Num\u00e9ro de compte :<\/span> <strong>013250008643700<\/strong><\/span><\/p><p><span style=\"color: #000000;\">Code Swift : <span style=\"color: #0c0c91;\"><strong>AWINETAA <\/strong><\/span><\/span><\/p><p><span style=\"color: #072b94;\"><span style=\"color: #000000;\">En faveur de:<\/span> <strong>Association of Ethiopian Insurers <\/strong><\/span><\/p><p><span style=\"color: #072b94;\">Meskel Square || Lion Building 7th floor No.7A<\/span><\/p><p><span style=\"color: #072b94;\">Addis Abeba, \u00c9thiopie<\/span><\/p>\t\t\t\t\t\t\t\t<\/div>\n\t\t\t\t<\/div>\n\t\t\t\t\t<\/div>\n\t\t\t\t<\/div>\n\t\t\t\t\t<\/div>\n\t\t<\/div>\n\t\t\t\t\t<\/div>\n\t\t<\/section>\n\t\t<div class=\"elementor-element elementor-element-2f0ca14 e-flex e-con-boxed e-con e-parent\" data-id=\"2f0ca14\" data-element_type=\"container\" data-e-type=\"container\">\n\t\t\t\t\t<div class=\"e-con-inner\">\n\t\t\t\t<div class=\"elementor-element elementor-element-f1f6b9b elementor-widget elementor-widget-text-editor\" data-id=\"f1f6b9b\" data-element_type=\"widget\" data-e-type=\"widget\" data-settings=\"{&quot;ekit_we_effect_on&quot;:&quot;none&quot;}\" data-widget_type=\"text-editor.default\">\n\t\t\t\t<div class=\"elementor-widget-container\">\n\t\t\t\t\t\t\t\t\t<h5 style=\"text-align: center;\"><strong>NB : Veuillez partager<\/strong><strong>\u00a0<\/strong><strong>la preuve de paiement \u00e0 <\/strong> <span style=\"color: #09098f;\"><a style=\"color: #09098f;\" href=\"mailto:aio@africaninsurance.net\"><strong>a<\/strong><strong>i<\/strong><strong>o<\/strong><strong>@<\/strong><strong>a<\/strong><strong>f<\/strong><strong>r<\/strong><strong>i<\/strong><strong>c<\/strong><strong>a<\/strong><strong>n<\/strong><strong>i<\/strong><strong>n<\/strong><strong>s<\/strong><strong>u<\/strong><strong>r<\/strong><strong>a<\/strong><strong>n<\/strong><strong>c<\/strong><strong>e<\/strong><strong>.<\/strong><strong>n<\/strong><strong>e<\/strong><strong>t<\/strong><\/a><\/span><\/h5>\t\t\t\t\t\t\t\t<\/div>\n\t\t\t\t<\/div>\n\t\t\t\t\t<\/div>\n\t\t\t\t<\/div>\n\t\t\t\t<\/div>\n\t\t","protected":false},"excerpt":{"rendered":"<p>FRAIS D&#039;INSCRIPTION Inscrivez-vous et r\u00e9servez votre si\u00e8ge. MEMBRE DE LOAA $500 S&#039;INSCRIRE AUTORIT\u00c9 DE TUTELLE NON MEMBRE DE L&#039;OAA $500 S&#039;INSCRIRE NON MEMBRE $1000 S&#039;INSCRIRE ASSOCIATION NATIONALE\/INSTITUTION DE FORMATION $500 S&#039;INSCRIRE AUTORIT\u00c9 DE TUTELLE MEMBRE DE L&#039;OAA $300 S&#039;INSCRIRE D\u00c9L\u00c9GU\u00c9 LOCAL $300 S&#039;INSCRIRE D\u00c9TAILS DES COMPTES BANCAIRES \u00a0 D\u00c9TAILS DU COMPTE EN USD (POUR LES [&hellip;]<\/p>\n","protected":false},"author":3,"featured_media":0,"parent":0,"menu_order":0,"comment_status":"closed","ping_status":"closed","template":"template\/full-width-template.php","meta":{"nf_dc_page":"","footnotes":""},"class_list":["post-2929","page","type-page","status-publish","hentry"],"jetpack_sharing_enabled":true,"_links":{"self":[{"href":"https:\/\/ethiopia2025.aio-events.org\/fr\/wp-json\/wp\/v2\/pages\/2929","targetHints":{"allow":["GET"]}}],"collection":[{"href":"https:\/\/ethiopia2025.aio-events.org\/fr\/wp-json\/wp\/v2\/pages"}],"about":[{"href":"https:\/\/ethiopia2025.aio-events.org\/fr\/wp-json\/wp\/v2\/types\/page"}],"author":[{"embeddable":true,"href":"https:\/\/ethiopia2025.aio-events.org\/fr\/wp-json\/wp\/v2\/users\/3"}],"replies":[{"embeddable":true,"href":"https:\/\/ethiopia2025.aio-events.org\/fr\/wp-json\/wp\/v2\/comments?post=2929"}],"version-history":[{"count":37,"href":"https:\/\/ethiopia2025.aio-events.org\/fr\/wp-json\/wp\/v2\/pages\/2929\/revisions"}],"predecessor-version":[{"id":3951,"href":"https:\/\/ethiopia2025.aio-events.org\/fr\/wp-json\/wp\/v2\/pages\/2929\/revisions\/3951"}],"wp:attachment":[{"href":"https:\/\/ethiopia2025.aio-events.org\/fr\/wp-json\/wp\/v2\/media?parent=2929"}],"curies":[{"name":"wp","href":"https:\/\/api.w.org\/{rel}","templated":true}]}}